{"id":4440,"date":"2025-11-13T10:52:47","date_gmt":"2025-11-13T14:52:47","guid":{"rendered":"https:\/\/ivrnet.com.br\/?page_id=4440"},"modified":"2026-05-07T08:38:11","modified_gmt":"2026-05-07T12:38:11","slug":"ivrnet-20-anos","status":"publish","type":"page","link":"https:\/\/ivrnet.com.br\/?page_id=4440","title":{"rendered":"IVRNET &#8211; 20 Anos"},"content":{"rendered":"\t\t<div data-elementor-type=\"wp-page\" data-elementor-id=\"4440\" class=\"elementor elementor-4440\" data-elementor-settings=\"{&quot;ha_cmc_init_switcher&quot;:&quot;no&quot;}\" data-elementor-post-type=\"page\">\n\t\t\t\t\t\t<section class=\"elementor-section elementor-top-section elementor-element elementor-element-3518ee9 elementor-hidden-tablet elementor-hidden-mobile elementor-section-boxed elementor-section-height-default elementor-section-height-default\" data-id=\"3518ee9\" data-element_type=\"section\" data-e-type=\"section\" data-settings=\"{&quot;background_background&quot;:&quot;classic&quot;,&quot;_ha_eqh_enable&quot;:false}\">\n\t\t\t\t\t\t<div class=\"elementor-container elementor-column-gap-no\">\n\t\t\t\t\t<div class=\"elementor-column elementor-col-100 elementor-top-column elementor-element elementor-element-a0b2186\" data-id=\"a0b2186\" data-element_type=\"column\" data-e-type=\"column\">\n\t\t\t<div class=\"elementor-widget-wrap elementor-element-populated\">\n\t\t\t\t\t\t<div class=\"elementor-element elementor-element-a676eaa elementor-widget__width-inherit elementor-widget elementor-widget-image\" data-id=\"a676eaa\" data-element_type=\"widget\" data-e-type=\"widget\" data-widget_type=\"image.default\">\n\t\t\t\t<div class=\"elementor-widget-container\">\n\t\t\t\t\t\t\t\t\t\t\t\t\t\t\t<img fetchpriority=\"high\" decoding=\"async\" width=\"2100\" height=\"733\" src=\"https:\/\/ivrnet.com.br\/wp-content\/uploads\/2026\/05\/promo_carro_png_Min.png\" class=\"attachment-full size-full wp-image-4776\" alt=\"prmo citroen\" srcset=\"https:\/\/ivrnet.com.br\/wp-content\/uploads\/2026\/05\/promo_carro_png_Min.png 2100w, https:\/\/ivrnet.com.br\/wp-content\/uploads\/2026\/05\/promo_carro_png_Min-300x105.png 300w, https:\/\/ivrnet.com.br\/wp-content\/uploads\/2026\/05\/promo_carro_png_Min-1024x357.png 1024w, https:\/\/ivrnet.com.br\/wp-content\/uploads\/2026\/05\/promo_carro_png_Min-768x268.png 768w, https:\/\/ivrnet.com.br\/wp-content\/uploads\/2026\/05\/promo_carro_png_Min-1536x536.png 1536w, https:\/\/ivrnet.com.br\/wp-content\/uploads\/2026\/05\/promo_carro_png_Min-2048x715.png 2048w\" sizes=\"(max-width: 2100px) 100vw, 2100px\" \/>\t\t\t\t\t\t\t\t\t\t\t\t\t\t\t<\/div>\n\t\t\t\t<\/div>\n\t\t\t\t\t<\/div>\n\t\t<\/div>\n\t\t\t\t\t<\/div>\n\t\t<\/section>\n\t\t\t\t<section class=\"elementor-section elementor-top-section elementor-element elementor-element-4439bab elementor-section-full_width elementor-hidden-desktop elementor-hidden-tablet elementor-section-height-default elementor-section-height-default\" data-id=\"4439bab\" data-element_type=\"section\" data-e-type=\"section\" data-settings=\"{&quot;background_background&quot;:&quot;classic&quot;,&quot;_ha_eqh_enable&quot;:false}\">\n\t\t\t\t\t\t<div class=\"elementor-container elementor-column-gap-no\">\n\t\t\t\t\t<div class=\"elementor-column elementor-col-100 elementor-top-column elementor-element elementor-element-2b00574\" data-id=\"2b00574\" data-element_type=\"column\" data-e-type=\"column\">\n\t\t\t<div class=\"elementor-widget-wrap elementor-element-populated\">\n\t\t\t\t\t\t<div class=\"elementor-element elementor-element-cb44cdd elementor-widget__width-inherit elementor-widget elementor-widget-image\" data-id=\"cb44cdd\" data-element_type=\"widget\" data-e-type=\"widget\" data-widget_type=\"image.default\">\n\t\t\t\t<div class=\"elementor-widget-container\">\n\t\t\t\t\t\t\t\t\t\t\t\t\t\t\t<img decoding=\"async\" width=\"2100\" height=\"1400\" src=\"https:\/\/ivrnet.com.br\/wp-content\/uploads\/2026\/05\/promo_carro_png_CEL_min.png\" class=\"attachment-full size-full wp-image-4778\" alt=\"\" srcset=\"https:\/\/ivrnet.com.br\/wp-content\/uploads\/2026\/05\/promo_carro_png_CEL_min.png 2100w, https:\/\/ivrnet.com.br\/wp-content\/uploads\/2026\/05\/promo_carro_png_CEL_min-300x200.png 300w, https:\/\/ivrnet.com.br\/wp-content\/uploads\/2026\/05\/promo_carro_png_CEL_min-1024x683.png 1024w, https:\/\/ivrnet.com.br\/wp-content\/uploads\/2026\/05\/promo_carro_png_CEL_min-768x512.png 768w, https:\/\/ivrnet.com.br\/wp-content\/uploads\/2026\/05\/promo_carro_png_CEL_min-1536x1024.png 1536w, https:\/\/ivrnet.com.br\/wp-content\/uploads\/2026\/05\/promo_carro_png_CEL_min-2048x1365.png 2048w\" sizes=\"(max-width: 2100px) 100vw, 2100px\" \/>\t\t\t\t\t\t\t\t\t\t\t\t\t\t\t<\/div>\n\t\t\t\t<\/div>\n\t\t\t\t\t<\/div>\n\t\t<\/div>\n\t\t\t\t\t<\/div>\n\t\t<\/section>\n\t\t\t\t<section class=\"elementor-section elementor-top-section elementor-element elementor-element-010e732 elementor-section-boxed elementor-section-height-default elementor-section-height-default\" data-id=\"010e732\" data-element_type=\"section\" data-e-type=\"section\" data-settings=\"{&quot;_ha_eqh_enable&quot;:false}\">\n\t\t\t\t\t\t<div class=\"elementor-container elementor-column-gap-default\">\n\t\t\t\t\t<main class=\"elementor-column elementor-col-100 elementor-top-column elementor-element elementor-element-55da0a9\" data-id=\"55da0a9\" data-element_type=\"column\" data-e-type=\"column\">\n\t\t\t<div class=\"elementor-widget-wrap elementor-element-populated\">\n\t\t\t\t\t\t<div class=\"elementor-element elementor-element-079542a elementor-widget elementor-widget-spacer\" data-id=\"079542a\" data-element_type=\"widget\" data-e-type=\"widget\" data-widget_type=\"spacer.default\">\n\t\t\t\t<div class=\"elementor-widget-container\">\n\t\t\t\t\t\t\t<div class=\"elementor-spacer\">\n\t\t\t<div class=\"elementor-spacer-inner\"><\/div>\n\t\t<\/div>\n\t\t\t\t\t\t<\/div>\n\t\t\t\t<\/div>\n\t\t\t\t<div class=\"elementor-element elementor-element-866e73a elementor-widget__width-initial elementor-widget elementor-widget-heading\" data-id=\"866e73a\" data-element_type=\"widget\" data-e-type=\"widget\" data-widget_type=\"heading.default\">\n\t\t\t\t<div class=\"elementor-widget-container\">\n\t\t\t\t\t<h2 class=\"elementor-heading-title elementor-size-medium\"><p><strong><span style=\"font-size: 22pt;color: #e67e23\">Regulamento da Campanha IVRNET \u2013 20 Anos\n\n<\/span><\/h2>\t\t\t\t<\/div>\n\t\t\t\t<\/div>\n\t\t\t\t\t<\/div>\n\t\t<\/main>\n\t\t\t\t\t<\/div>\n\t\t<\/section>\n\t\t\t\t<section class=\"elementor-section elementor-top-section elementor-element elementor-element-5ea2cc7 elementor-section-boxed elementor-section-height-default elementor-section-height-default\" data-id=\"5ea2cc7\" data-element_type=\"section\" data-e-type=\"section\" data-settings=\"{&quot;_ha_eqh_enable&quot;:false}\">\n\t\t\t\t\t\t<div class=\"elementor-container elementor-column-gap-default\">\n\t\t\t\t\t<main class=\"elementor-column elementor-col-100 elementor-top-column elementor-element elementor-element-a1a513a\" data-id=\"a1a513a\" data-element_type=\"column\" data-e-type=\"column\">\n\t\t\t<div class=\"elementor-widget-wrap elementor-element-populated\">\n\t\t\t\t\t\t<div class=\"elementor-element elementor-element-cd1a586 elementor-widget elementor-widget-spacer\" data-id=\"cd1a586\" data-element_type=\"widget\" data-e-type=\"widget\" data-widget_type=\"spacer.default\">\n\t\t\t\t<div class=\"elementor-widget-container\">\n\t\t\t\t\t\t\t<div class=\"elementor-spacer\">\n\t\t\t<div class=\"elementor-spacer-inner\"><\/div>\n\t\t<\/div>\n\t\t\t\t\t\t<\/div>\n\t\t\t\t<\/div>\n\t\t\t\t<div class=\"elementor-element elementor-element-5bd1c06 elementor-widget__width-initial elementor-widget elementor-widget-heading\" data-id=\"5bd1c06\" data-element_type=\"widget\" data-e-type=\"widget\" data-widget_type=\"heading.default\">\n\t\t\t\t<div class=\"elementor-widget-container\">\n\t\t\t\t\t<h2 class=\"elementor-heading-title elementor-size-medium\"><p><br><\/p>\n<p><span style=\"color: #e67e23\"><strong>1. Empresa Promotora<\/strong><\/span><br>\n&nbsp;&nbsp;A campanha <strong>\u201cIVRNET 20 Anos \u2013 Voc\u00ea de Carro Zero\u201d<\/strong> \u00e9 realizada por <strong>IVR Inform\u00e1tica LTDA<\/strong>, inscrita no CNPJ sob o n\u00ba <strong>08.458.357\/0001-20<\/strong>, com sede na <strong>Rua Pernambuco, 265 \u2013 Centro \u2013 Sidrol\u00e2ndia\/MS<\/strong>, doravante denominada <strong>IVRNET<\/strong>.<\/p>\n\n<p><span style=\"color: #e67e23\"><strong>2. Abrang\u00eancia<\/strong><\/span><br>\n&nbsp;&nbsp;A promo\u00e7\u00e3o \u00e9 v\u00e1lida para todos os <strong>clientes ativos da IVRNET<\/strong> em todas as cidades de atua\u00e7\u00e3o da empresa.<\/p>\n\n<p><span style=\"color: #e67e23\"><strong>3. Per\u00edodo da Promo\u00e7\u00e3o<\/strong><\/span><br>\n&nbsp;&nbsp;A campanha tem in\u00edcio em <strong>02 de abril de 2026<\/strong> e encerramento no dia <strong>29 de dezembro de 2026<\/strong>.<br>\n&nbsp;&nbsp;O sorteio final ser\u00e1 realizado no dia <strong>29 de dezembro de 2026<\/strong>, a partir das <strong>17h<\/strong> (Hor\u00e1rio de MS).<\/p>\n\n<p><span style=\"color: #e67e23\"><strong>4. Quem Pode Participar<\/strong><\/span><br>\n&nbsp;&nbsp;- Apenas <strong>clientes ativos (Pessoa F\u00edsica ou Jur\u00eddica)<\/strong> que possuam contrato de internet com a IVRNET.<br>\n&nbsp;&nbsp;- \u00c9 condi\u00e7\u00e3o obrigat\u00f3ria estar <strong>rigorosamente em dia<\/strong> com todas as mensalidades at\u00e9 a data e hora do sorteio.<br>\n&nbsp;&nbsp;- Clientes com qualquer d\u00e9bito pendente no sistema ser\u00e3o automaticamente desclassificados.<br>\n&nbsp;&nbsp;- <strong>Funcion\u00e1rios e prestadores de servi\u00e7o diretos<\/strong> da IVRNET n\u00e3o poder\u00e3o participar.<\/p>\n\n<p><span style=\"color: #e67e23\"><strong>5. Como Ser\u00e1 Realizado o Sorteio<\/strong><\/span><br>\n&nbsp;&nbsp;- O sorteio ser\u00e1 realizado via <strong>sistema interno de gest\u00e3o da IVRNET<\/strong>, de forma eletr\u00f4nica e aleat\u00f3ria, entre os clientes adimplentes.<br>\n&nbsp;&nbsp;- O pr\u00eamio consiste em <strong>01 (um) Ve\u00edculo Citro\u00ebn C3, Zero KM<\/strong>, modelo b\u00e1sico, cor conforme disponibilidade em estoque.<br>\n&nbsp;&nbsp;- O sorteio ocorrer\u00e1 na sede da empresa em <strong>Sidrol\u00e2ndia-MS<\/strong>, podendo ser transmitido ao vivo pelas redes sociais.<\/p>\n\n<p><span style=\"color: #e67e23\"><strong>6. Divulga\u00e7\u00e3o e Contato com o Ganhador<\/strong><\/span><br>\n&nbsp;&nbsp;- O ganhador ser\u00e1 anunciado nas <strong>redes sociais oficiais da IVRNET<\/strong> e no site <strong>www.ivrnet.com.br<\/strong>.<br>\n&nbsp;&nbsp;- A empresa entrar\u00e1 em contato com o contemplado via <strong>telefone ou WhatsApp<\/strong> cadastrado no sistema.<br>\n&nbsp;&nbsp;- Caso o cliente sorteado n\u00e3o cumpra os requisitos de adimpl\u00eancia no momento da verifica\u00e7\u00e3o, um novo sorteio ser\u00e1 realizado imediatamente.<\/p>\n\n<p><span style=\"color: #e67e23\"><strong>7. Entrega do Pr\u00eamio<\/strong><\/span><br>\n&nbsp;&nbsp;- O pr\u00eamio dever\u00e1 ser retirado <strong>presencialmente<\/strong> pelo titular do contrato na sede da IVRNET.<br>\n&nbsp;&nbsp;- O ganhador dever\u00e1 apresentar <strong>documento original com foto<\/strong> para a assinatura do termo de recebimento.<br>\n&nbsp;&nbsp;- Despesas com transfer\u00eancia de propriedade e licenciamento ap\u00f3s a entrega seguem as normas internas da empresa vigentes na data.<br>\n&nbsp;&nbsp;- O pr\u00eamio \u00e9 <strong>pessoal e intransfer\u00edvel<\/strong>, n\u00e3o podendo ser trocado por valor em dinheiro.<\/p>\n\n<p><span style=\"color: #e67e23\"><strong>8. Direito de Uso de Imagem<\/strong><\/span><br>\n&nbsp;&nbsp;- O contemplado autoriza o <strong>uso gratuito de sua imagem, nome e voz<\/strong> para fins de divulga\u00e7\u00e3o desta campanha em todos os canais de m\u00eddia da IVRNET pelo per\u00edodo de 12 meses.<\/p>\n\n<p><span style=\"color: #e67e23\"><strong>9. Considera\u00e7\u00f5es Finais<\/strong><\/span><br>\n&nbsp;&nbsp;- A participa\u00e7\u00e3o implica na aceita\u00e7\u00e3o total deste regulamento.<br>\n&nbsp;&nbsp;- A IVRNET reserva-se o direito de alterar a data ou local do sorteio por motivos de for\u00e7a maior, mediante comunicado pr\u00e9vio.<br>\n&nbsp;&nbsp;- Esta \u00e9 uma a\u00e7\u00e3o de <strong>fideliza\u00e7\u00e3o e bonifica\u00e7\u00e3o de clientes<\/strong> de car\u00e1ter institucional interno.<br>\n&nbsp;&nbsp;- D\u00favidas: <strong>(67) 3272-6602<\/strong> ou em nossas unidades presenciais.<\/p><\/h2>\t\t\t\t<\/div>\n\t\t\t\t<\/div>\n\t\t\t\t<div class=\"elementor-element elementor-element-f84d70d elementor-widget elementor-widget-spacer\" data-id=\"f84d70d\" data-element_type=\"widget\" data-e-type=\"widget\" data-widget_type=\"spacer.default\">\n\t\t\t\t<div class=\"elementor-widget-container\">\n\t\t\t\t\t\t\t<div class=\"elementor-spacer\">\n\t\t\t<div class=\"elementor-spacer-inner\"><\/div>\n\t\t<\/div>\n\t\t\t\t\t\t<\/div>\n\t\t\t\t<\/div>\n\t\t\t\t\t<\/div>\n\t\t<\/main>\n\t\t\t\t\t<\/div>\n\t\t<\/section>\n\t\t\t\t<section class=\"elementor-section elementor-top-section elementor-element elementor-element-e37391d elementor-section-boxed elementor-section-height-default elementor-section-height-default\" data-id=\"e37391d\" data-element_type=\"section\" data-e-type=\"section\" data-settings=\"{&quot;background_background&quot;:&quot;classic&quot;,&quot;_ha_eqh_enable&quot;:false}\">\n\t\t\t\t\t\t<div class=\"elementor-container elementor-column-gap-default\">\n\t\t\t\t\t<div class=\"elementor-column elementor-col-100 elementor-top-column elementor-element elementor-element-5d181f5\" data-id=\"5d181f5\" data-element_type=\"column\" data-e-type=\"column\">\n\t\t\t<div class=\"elementor-widget-wrap elementor-element-populated\">\n\t\t\t\t\t\t<div class=\"elementor-element elementor-element-31f35d1 elementor-widget elementor-widget-spacer\" data-id=\"31f35d1\" data-element_type=\"widget\" data-e-type=\"widget\" data-widget_type=\"spacer.default\">\n\t\t\t\t<div class=\"elementor-widget-container\">\n\t\t\t\t\t\t\t<div class=\"elementor-spacer\">\n\t\t\t<div class=\"elementor-spacer-inner\"><\/div>\n\t\t<\/div>\n\t\t\t\t\t\t<\/div>\n\t\t\t\t<\/div>\n\t\t\t\t\t<\/div>\n\t\t<\/div>\n\t\t\t\t\t<\/div>\n\t\t<\/section>\n\t\t\t\t<\/div>\n\t\t","protected":false},"excerpt":{"rendered":"<p>Regulamento da Campanha IVRNET \u2013 20 Anos 1. Empresa Promotora &nbsp;&nbsp;A campanha \u201cIVRNET 20 Anos \u2013 Voc\u00ea de Carro Zero\u201d \u00e9 realizada por IVR Inform\u00e1tica LTDA, inscrita no CNPJ sob o n\u00ba 08.458.357\/0001-20, com sede na Rua Pernambuco, 265 \u2013 Centro \u2013 Sidrol\u00e2ndia\/MS, doravante denominada IVRNET. 2. Abrang\u00eancia &nbsp;&nbsp;A promo\u00e7\u00e3o \u00e9 v\u00e1lida para todos os [&hellip;]<\/p>\n","protected":false},"author":3,"featured_media":0,"parent":0,"menu_order":0,"comment_status":"closed","ping_status":"closed","template":"","meta":{"site-sidebar-layout":"no-sidebar","site-content-layout":"page-builder","ast-site-content-layout":"default","site-content-style":"default","site-sidebar-style":"default","ast-global-header-display":"","ast-banner-title-visibility":"","ast-main-header-display":"","ast-hfb-above-header-display":"","ast-hfb-below-header-display":"","ast-hfb-mobile-header-display":"","site-post-title":"disabled","ast-breadcrumbs-content":"","ast-featured-img":"disabled","footer-sml-layout":"","theme-transparent-header-meta":"default","adv-header-id-meta":"","stick-header-meta":"","header-above-stick-meta":"","header-main-stick-meta":"","header-below-stick-meta":"","astra-migrate-meta-layouts":"default","ast-page-background-enabled":"default","ast-page-background-meta":{"desktop":{"background-color":"var(--ast-global-color-4)","background-image":"","background-repeat":"repeat","background-position":"center center","background-size":"auto","background-attachment":"scroll","background-type":"","background-media":"","overlay-type":"","overlay-color":"","overlay-opacity":"","overlay-gradient":""},"tablet":{"background-color":"","background-image":"","background-repeat":"repeat","background-position":"center center","background-size":"auto","background-attachment":"scroll","background-type":"","background-media":"","overlay-type":"","overlay-color":"","overlay-opacity":"","overlay-gradient":""},"mobile":{"background-color":"","background-image":"","background-repeat":"repeat","background-position":"center center","background-size":"auto","background-attachment":"scroll","background-type":"","background-media":"","overlay-type":"","overlay-color":"","overlay-opacity":"","overlay-gradient":""}},"ast-content-background-meta":{"desktop":{"background-color":"var(--ast-global-color-5)","background-image":"","background-repeat":"repeat","background-position":"center center","background-size":"auto","background-attachment":"scroll","background-type":"","background-media":"","overlay-type":"","overlay-color":"","overlay-opacity":"","overlay-gradient":""},"tablet":{"background-color":"var(--ast-global-color-5)","background-image":"","background-repeat":"repeat","background-position":"center center","background-size":"auto","background-attachment":"scroll","background-type":"","background-media":"","overlay-type":"","overlay-color":"","overlay-opacity":"","overlay-gradient":""},"mobile":{"background-color":"var(--ast-global-color-5)","background-image":"","background-repeat":"repeat","background-position":"center center","background-size":"auto","background-attachment":"scroll","background-type":"","background-media":"","overlay-type":"","overlay-color":"","overlay-opacity":"","overlay-gradient":""}},"footnotes":""},"class_list":["post-4440","page","type-page","status-publish","hentry"],"_links":{"self":[{"href":"https:\/\/ivrnet.com.br\/index.php?rest_route=\/wp\/v2\/pages\/4440","targetHints":{"allow":["GET"]}}],"collection":[{"href":"https:\/\/ivrnet.com.br\/index.php?rest_route=\/wp\/v2\/pages"}],"about":[{"href":"https:\/\/ivrnet.com.br\/index.php?rest_route=\/wp\/v2\/types\/page"}],"author":[{"embeddable":true,"href":"https:\/\/ivrnet.com.br\/index.php?rest_route=\/wp\/v2\/users\/3"}],"replies":[{"embeddable":true,"href":"https:\/\/ivrnet.com.br\/index.php?rest_route=%2Fwp%2Fv2%2Fcomments&post=4440"}],"version-history":[{"count":14,"href":"https:\/\/ivrnet.com.br\/index.php?rest_route=\/wp\/v2\/pages\/4440\/revisions"}],"predecessor-version":[{"id":4843,"href":"https:\/\/ivrnet.com.br\/index.php?rest_route=\/wp\/v2\/pages\/4440\/revisions\/4843"}],"wp:attachment":[{"href":"https:\/\/ivrnet.com.br\/index.php?rest_route=%2Fwp%2Fv2%2Fmedia&parent=4440"}],"curies":[{"name":"wp","href":"https:\/\/api.w.org\/{rel}","templated":true}]}}