{"id":3594,"date":"2025-03-19T08:59:15","date_gmt":"2025-03-19T12:59:15","guid":{"rendered":"https:\/\/ivrnet.com.br\/?page_id=3594"},"modified":"2025-03-19T09:13:30","modified_gmt":"2025-03-19T13:13:30","slug":"termos-de-uso-da-disney","status":"publish","type":"page","link":"https:\/\/ivrnet.com.br\/?page_id=3594","title":{"rendered":"Termos de Uso da Disney+"},"content":{"rendered":"\t\t<div data-elementor-type=\"wp-page\" data-elementor-id=\"3594\" class=\"elementor elementor-3594\" data-elementor-settings=\"{&quot;ha_cmc_init_switcher&quot;:&quot;no&quot;}\" data-elementor-post-type=\"page\">\n\t\t\t\t\t\t<section class=\"elementor-section elementor-top-section elementor-element elementor-element-510bcfa elementor-section-boxed elementor-section-height-default elementor-section-height-default elementor-invisible\" data-id=\"510bcfa\" data-element_type=\"section\" data-e-type=\"section\" data-settings=\"{&quot;animation&quot;:&quot;fadeIn&quot;,&quot;_ha_eqh_enable&quot;:false}\">\n\t\t\t\t\t\t<div class=\"elementor-container elementor-column-gap-default\">\n\t\t\t\t\t<div class=\"elementor-column elementor-col-100 elementor-top-column elementor-element elementor-element-f046a94\" data-id=\"f046a94\" data-element_type=\"column\" data-e-type=\"column\">\n\t\t\t<div class=\"elementor-widget-wrap elementor-element-populated\">\n\t\t\t\t\t\t<div class=\"elementor-element elementor-element-f8a0030 elementor-widget__width-initial elementor-widget elementor-widget-text-editor\" data-id=\"f8a0030\" data-element_type=\"widget\" data-e-type=\"widget\" data-widget_type=\"text-editor.default\">\n\t\t\t\t<div class=\"elementor-widget-container\">\n\t\t\t\t\t\t\t\t\t<p><span style=\"font-size: 16px;\"><strong><br \/><\/strong><\/span><\/p><p><span style=\"font-size: 16px;\"><strong>TERMOS E CONDI\u00c7\u00d5ES DE USO \u2013 ESPEC\u00cdFICO PARA ASSINATURA DE DISNEY+ PELOS CLIENTES DA<em><u> IVRNET<\/u><\/em><\/strong><\/span><\/p>\n<p>Estes Termos e Condi\u00e7\u00f5es de Uso s\u00e3o aplic\u00e1veis aos clientes da <strong><em>IVRNET<\/em><\/strong> que contratarem o servi\u00e7o Disney + (o \u201cServi\u00e7o\u201d) por meio da <strong><em><u>IVRNET<\/u><\/em><\/strong>, inscrito no CNPJ n\u00ba 08458357000120, denominado simplesmente<strong> <em>IVRNET<\/em><\/strong> (\u201cTermos de uso para Clientes da <strong><em>IVRNET<\/em><\/strong>\u201d) e s\u00e3o separadas e distintas dos TERMOS DE USO \u2013 Disney+, denominado como \u201cTermos de Uso da Disney+\u201d e localizado em (<a href=\"https:\/\/disneytermsofuse.com\/brazilian-portuguese\/\">https:\/\/disneytermsofuse.com\/brazilian-portuguese\/<\/a>). Ao acessar e come\u00e7ar a utiliza\u00e7\u00e3o do servi\u00e7o, o cliente do <strong><em>IVRNET<\/em><\/strong> aceita ambos os termos e condi\u00e7\u00f5es de uso do servi\u00e7o.<\/p>\n<p><span style=\"font-size: 16px;\"><strong>I \u2013 Descri\u00e7\u00e3o do Servi\u00e7o<\/strong><\/span><br \/>Disney+ inclui todo o conte\u00fado da Disney, Pixar, Marvel, Star Wars, National Geographic, ESPN e Star, em um s\u00f3 app para assistir quando e onde quiser. Produ\u00e7\u00f5es Originais, anima\u00e7\u00f5es, filmes cl\u00e1ssicos e os \u00faltimos lan\u00e7amentos do cinema.<\/p>\n<p>Ao contratar o Servi\u00e7o, ser\u00e3o aplic\u00e1veis os pre\u00e7os e condi\u00e7\u00f5es estabelecidas nestes Termos de Uso para Clientes da&nbsp;<strong><em>IVRNET<\/em><\/strong>.<br \/>A sua assinatura ser\u00e1 renovada automaticamente mensalmente.<\/p>\n<p>O servi\u00e7o possui os seguintes benef\u00edcios:<\/p>\n<table>\n<tbody>\n<tr>\n<td>\n<p><span style=\"font-size: 16px;\"><strong>Planos do Disney+<\/strong><\/span><\/p>\n<\/td>\n<td>\n<p><span style=\"font-size: 16px;\"><strong>Recursos<\/strong><\/span><\/p>\n<\/td>\n<\/tr>\n<tr>\n<td>\n<p><strong>Disney+ Padr\u00e3o com an\u00fancios<\/strong><\/p>\n<\/td>\n<td>\n<ul>\n<li><em>Estreias de filmes, s\u00e9ries originais e cl\u00e1ssicos da Disney, Pixar, Marvel, Star Wars, National Geographic e Star<\/em><\/li>\n<li><em>Sele\u00e7\u00e3o de canais da ESPN (ESPN e ESPN3) *<\/em><\/li>\n<li><em>V\u00eddeo alta defini\u00e7\u00e3o (1080p)**<\/em><\/li>\n<li><em>Audio Stereo 5.1 **<\/em><\/li>\n<li><em>2 reprodu\u00e7\u00f5es simult\u00e2neas<\/em><\/li>\n<\/ul>\n<\/td>\n<\/tr>\n<tr>\n<td>\n<p><strong>Disney+ Padr\u00e3o<\/strong><\/p>\n<\/td>\n<td>\n<ul>\n<li><em>Estreias de filmes, s\u00e9ries originais e cl\u00e1ssicos da Disney, Pixar, Marvel, Star Wars, National Geographic e Star<\/em><\/li>\n<li><em>Sele\u00e7\u00e3o de canais da ESPN (ESPN e ESPN3) *<\/em><\/li>\n<li><em>V\u00eddeo alta defini\u00e7\u00e3o (1080p)**<\/em><\/li>\n<li><em>Audio Stereo 5.1 **<\/em><\/li>\n<li><em>2 reprodu\u00e7\u00f5es simult\u00e2neas<\/em><\/li>\n<li><em>Downloads para assistir aos seus conte\u00fados favoritos offline<\/em><\/li>\n<li><em>e sem demora<\/em><\/li>\n<\/ul>\n<\/td>\n<\/tr>\n<tr>\n<td>\n<p><strong>Disney+ Premium<\/strong><\/p>\n<\/td>\n<td>\n<ul>\n<li><em>Estreias de filmes, s\u00e9ries originais e cl\u00e1ssicos da Disney, Pixar, Marvel, Star Wars, National Geographic e Star<\/em><\/li>\n<li><em>Todos os canais da ESPN, torneios exclusivos e mais de 500 eventos esportivos por m\u00eas.*<\/em><\/li>\n<li><em>V\u00eddeos at\u00e9 4k UHD\/HDR **<\/em><\/li>\n<li><em>\u00c1udio Dolby Atmos **<\/em><\/li>\n<li><em>4 reprodu\u00e7\u00f5es simult\u00e2neas<\/em><\/li>\n<li><em>Downloads para assistir aos seus conte\u00fados favoritos offline<\/em><\/li>\n<li><em>e sem demora<\/em><\/li>\n<\/ul>\n<\/td>\n<\/tr>\n<\/tbody>\n<\/table>\n<p><strong>&nbsp;<\/strong><\/p>\n<p><span style=\"font-size: 16px;\"><strong>II &#8211; Valor do Servi\u00e7o:<\/strong><\/span><br \/>Ao contratar o Servi\u00e7o, o <strong><em>IVRNET<\/em><\/strong> compartilhar\u00e1 a sua contrata\u00e7\u00e3o e os dados pessoais necess\u00e1rios para que voc\u00ea possa efetivar a ativa\u00e7\u00e3o da sua assinatura e utiliza\u00e7\u00e3o do servi\u00e7o, bem como a cobran\u00e7a da sua assinatura que ser\u00e1 autom\u00e1tica e realizada em sua conta do <strong><em>IVRNET<\/em>.<\/strong><\/p>\n<p><span style=\"font-size: 16px;\"><strong>Nome da Oferta<\/strong><\/span><br \/>Disney+&nbsp; <em>Padr\u00e3o com An\u00fancios<\/em><\/p>\n<p><span style=\"font-size: 16px;\"><strong>Pre\u00e7o (R$)<\/strong><\/span><br \/>Incluso como Aplicativo Premium no plano escolhido.<\/p>\n<p><span style=\"font-size: 16px;\"><strong>Frequ\u00eancia<\/strong><\/span><br \/>Mensal<\/p>\n<p><span style=\"font-size: 16px;\"><strong>III \u2013 Contrata\u00e7\u00e3o, 1\u00ba acesso e cancelamento:<\/strong><\/span><\/p>\n<ol>\n<li>O cliente n\u00e3o deve possuir d\u00e9bito (valor vencido e n\u00e3o pago) junto a&nbsp;<strong><em>IVRNET<\/em><\/strong> no momento da contrata\u00e7\u00e3o do Servi\u00e7o.<\/li>\n<li>Para o 1\u00ba acesso, o cliente deve acessar a p\u00e1gina <a href=\"http:\/\/www.ativefacil.com.br\">www.ativefacil.com.br<\/a> e seguir os passos para a ativa\u00e7\u00e3o do servi\u00e7o. Depois da ativa\u00e7\u00e3o, o cliente ser\u00e1 direcionado para acesso ao Disney+.<\/li>\n<li>No app ou site Disney+ o cliente dever\u00e1 criar um login (e-mail) e senha. Todos os demais acessos dever\u00e3o ser por este login e senha criados.<\/li>\n<li>A contrata\u00e7\u00e3o do servi\u00e7o somente poder\u00e1 ser realizada pelo titular da conta da&nbsp;<strong><em>IVRNET<\/em><\/strong> ou seu representante devidamente autorizado.<\/li>\n<li>No caso de cancelamento pelo Cliente dos servi\u00e7os de internet contratados junto a&nbsp;<strong><em>IVRNET<\/em><\/strong>, a assinatura do Servi\u00e7o ser\u00e1 autom\u00e1tica e imediatamente cancelada, n\u00e3o tendo o Cliente direito \u00e0 devolu\u00e7\u00e3o e\/ou restitui\u00e7\u00e3o dos valores j\u00e1 pagos pelo Servi\u00e7o.<br \/>N\u00e3o h\u00e1 fidelidade na contrata\u00e7\u00e3o deste Servi\u00e7o.<\/li>\n<\/ol>\n<p><span style=\"font-size: 16px;\"><strong>IV &#8211; Exclus\u00e3o de garantias e de responsabilidade<\/strong><\/span><\/p>\n<ol>\n<li>Em decorr\u00eancia de quest\u00f5es operacionais, de terceiriza\u00e7\u00e3o de servi\u00e7os, o Servi\u00e7o est\u00e1 sujeito a eventuais problemas de interrup\u00e7\u00e3o, falha t\u00e9cnica, ou indisponibilidade de funcionamento tempor\u00e1rio. Quando for razoavelmente poss\u00edvel, o Servi\u00e7o advertir\u00e1 previamente as interrup\u00e7\u00f5es do funcionamento aos seus usu\u00e1rios.<\/li>\n<li>A <strong><em>IVRNET<\/em><\/strong> se exime, com toda a extens\u00e3o permitida pelo ordenamento jur\u00eddico, de qualquer responsabilidade pelos conte\u00fados disponibilizados no Servi\u00e7o, pela utiliza\u00e7\u00e3o dos seus dados, pelos danos e preju\u00edzos de toda natureza que possam decorrer da falta de disponibilidade ou de continuidade do funcionamento do Servi\u00e7o, \u00e0 fraude da utilidade que os usu\u00e1rios possam ter atribu\u00eddo ao Servi\u00e7o, \u00e0 eventual falha do Servi\u00e7o e, em particular, ainda que n\u00e3o de modo exclusivo, \u00e0s falhas de acesso \u00e0s distintas p\u00e1ginas web e\/ou aplicativo m\u00f3vel que comp\u00f5em ou em que se prestam o Servi\u00e7o.<\/li>\n<\/ol>\n<p><span style=\"font-size: 16px;\"><strong>V- Disposi\u00e7\u00f5es Gerais<\/strong><\/span><\/p>\n<ol>\n<li>Esses termos de uso regem exclusivamente o processo de compra e pagamento do Servi\u00e7o, demais d\u00favidas, sugest\u00f5es ou reclama\u00e7\u00f5es sobre o aplicativo dever\u00e3o ser enviadas diretamente ao parceiro que possuir\u00e1 os termos de uso pr\u00f3prios de seus produtos.<\/li>\n<li>Esse servi\u00e7o \u00e9 destinado para Clientes da&nbsp;<strong><em>IVRNET<\/em><\/strong> Pessoas F\u00edsicas, sendo proibido o seu uso para fins comerciais.<\/li>\n<li>Eventuais sugest\u00f5es, d\u00favidas e reclama\u00e7\u00f5es sobre o Servi\u00e7o poder\u00e3o ser encaminhadas para a Central de Atendimento da Disney+.<\/li>\n<li>Eventuais sugest\u00f5es, d\u00favidas e reclama\u00e7\u00f5es sobre o processo de cobran\u00e7a poder\u00e3o ser encaminhadas para a Central de Atendimento da <strong>IVRNET<\/strong> atrav\u00e9s do n\u00famero (67)3272-6602 (WhatsApp) ou pelo email sac@ivrnet.com.br<\/li>\n<li>Estes Termos de Uso para Clientes da&nbsp;<strong><em>IVRNET<\/em><\/strong> s\u00e3o celebrados por tempo indeterminado.<\/li>\n<li>Fica facultado a&nbsp;<strong><em>IVRNET<\/em><\/strong> rever os termos, condi\u00e7\u00f5es e valores deste Termos e Condi\u00e7\u00f5es de Uso, bem como suspender ou cancelar o servi\u00e7o, a qualquer momento, mediante comunica\u00e7\u00e3o com anteced\u00eancia m\u00ednima de 30 (trinta) dias ao Cliente.<\/li>\n<li>Ao aderir ao servi\u00e7o o cliente autoriza expressamente o recebimento de comunica\u00e7\u00f5es relacionadas ao mesmo, via SMS e e-mail, pela <strong><em>IVRNET<\/em><\/strong> e demais empresas envolvidas na sua presta\u00e7\u00e3o.<\/li>\n<li>\u00c9 de sua inteira responsabilidade:<br \/>a) providenciar o seu pr\u00f3prio acesso \u00e0 Internet e pagar todas as taxas de Servi\u00e7o eventualmente cobradas por terceiros com rela\u00e7\u00e3o a tal acesso;<br \/>b) providenciar todo o equipamento necess\u00e1rio para efetuar sua conex\u00e3o \u00e0 Internet, incluindo, mas n\u00e3o se limitando, a um computador, smartphone e\/ou modem;<br \/>d) efetuar seu pr\u00f3prio cadastro no site ou celular, responsabilizando-se pela corre\u00e7\u00e3o e veracidade dos dados informados, assim como pela guarda de sua senha de acesso;<br \/>e) manter o ambiente de seu computador e\/ou smartphone seguro, com uso de ferramentas dispon\u00edveis como antiv\u00edrus e firewall, entre outras, atualizadas, de modo a contribuir na preven\u00e7\u00e3o de riscos eletr\u00f4nicos do seu lado.<\/li>\n<li>Eventuais diverg\u00eancias ser\u00e3o dirimidas perante o foro do seu domic\u00edlio.<\/li>\n<li>&nbsp;A oferta entra em vigor em 19\/03\/2025 e permanecer\u00e1 dispon\u00edvel por tempo indeterminado, podendo ser alterada ou encerrada posteriormente pela IVRNET.<\/li>\n<\/ol>\n<address>&nbsp;<\/address>\t\t\t\t\t\t\t\t<\/div>\n\t\t\t\t<\/div>\n\t\t\t\t\t<\/div>\n\t\t<\/div>\n\t\t\t\t\t<\/div>\n\t\t<\/section>\n\t\t\t\t<\/div>\n\t\t","protected":false},"excerpt":{"rendered":"<p>TERMOS E CONDI\u00c7\u00d5ES DE USO \u2013 ESPEC\u00cdFICO PARA ASSINATURA DE DISNEY+ PELOS CLIENTES DA IVRNET Estes Termos e Condi\u00e7\u00f5es de Uso s\u00e3o aplic\u00e1veis aos clientes da IVRNET que contratarem o servi\u00e7o Disney + (o \u201cServi\u00e7o\u201d) por meio da IVRNET, inscrito no CNPJ n\u00ba 08458357000120, denominado simplesmente IVRNET (\u201cTermos de uso para Clientes da IVRNET\u201d) e [&hellip;]<\/p>\n","protected":false},"author":3,"featured_media":0,"parent":0,"menu_order":0,"comment_status":"closed","ping_status":"closed","template":"","meta":{"site-sidebar-layout":"no-sidebar","site-content-layout":"page-builder","ast-site-content-layout":"default","site-content-style":"default","site-sidebar-style":"default","ast-global-header-display":"","ast-banner-title-visibility":"","ast-main-header-display":"","ast-hfb-above-header-display":"","ast-hfb-below-header-display":"","ast-hfb-mobile-header-display":"","site-post-title":"disabled","ast-breadcrumbs-content":"","ast-featured-img":"disabled","footer-sml-layout":"","theme-transparent-header-meta":"default","adv-header-id-meta":"","stick-header-meta":"","header-above-stick-meta":"","header-main-stick-meta":"","header-below-stick-meta":"","astra-migrate-meta-layouts":"default","ast-page-background-enabled":"default","ast-page-background-meta":{"desktop":{"background-color":"var(--ast-global-color-4)","background-image":"","background-repeat":"repeat","background-position":"center center","background-size":"auto","background-attachment":"scroll","background-type":"","background-media":"","overlay-type":"","overlay-color":"","overlay-opacity":"","overlay-gradient":""},"tablet":{"background-color":"","background-image":"","background-repeat":"repeat","background-position":"center center","background-size":"auto","background-attachment":"scroll","background-type":"","background-media":"","overlay-type":"","overlay-color":"","overlay-opacity":"","overlay-gradient":""},"mobile":{"background-color":"","background-image":"","background-repeat":"repeat","background-position":"center center","background-size":"auto","background-attachment":"scroll","background-type":"","background-media":"","overlay-type":"","overlay-color":"","overlay-opacity":"","overlay-gradient":""}},"ast-content-background-meta":{"desktop":{"background-color":"var(--ast-global-color-5)","background-image":"","background-repeat":"repeat","background-position":"center center","background-size":"auto","background-attachment":"scroll","background-type":"","background-media":"","overlay-type":"","overlay-color":"","overlay-opacity":"","overlay-gradient":""},"tablet":{"background-color":"var(--ast-global-color-5)","background-image":"","background-repeat":"repeat","background-position":"center center","background-size":"auto","background-attachment":"scroll","background-type":"","background-media":"","overlay-type":"","overlay-color":"","overlay-opacity":"","overlay-gradient":""},"mobile":{"background-color":"var(--ast-global-color-5)","background-image":"","background-repeat":"repeat","background-position":"center center","background-size":"auto","background-attachment":"scroll","background-type":"","background-media":"","overlay-type":"","overlay-color":"","overlay-opacity":"","overlay-gradient":""}},"footnotes":""},"class_list":["post-3594","page","type-page","status-publish","hentry"],"_links":{"self":[{"href":"https:\/\/ivrnet.com.br\/index.php?rest_route=\/wp\/v2\/pages\/3594","targetHints":{"allow":["GET"]}}],"collection":[{"href":"https:\/\/ivrnet.com.br\/index.php?rest_route=\/wp\/v2\/pages"}],"about":[{"href":"https:\/\/ivrnet.com.br\/index.php?rest_route=\/wp\/v2\/types\/page"}],"author":[{"embeddable":true,"href":"https:\/\/ivrnet.com.br\/index.php?rest_route=\/wp\/v2\/users\/3"}],"replies":[{"embeddable":true,"href":"https:\/\/ivrnet.com.br\/index.php?rest_route=%2Fwp%2Fv2%2Fcomments&post=3594"}],"version-history":[{"count":8,"href":"https:\/\/ivrnet.com.br\/index.php?rest_route=\/wp\/v2\/pages\/3594\/revisions"}],"predecessor-version":[{"id":3604,"href":"https:\/\/ivrnet.com.br\/index.php?rest_route=\/wp\/v2\/pages\/3594\/revisions\/3604"}],"wp:attachment":[{"href":"https:\/\/ivrnet.com.br\/index.php?rest_route=%2Fwp%2Fv2%2Fmedia&parent=3594"}],"curies":[{"name":"wp","href":"https:\/\/api.w.org\/{rel}","templated":true}]}}