{"id":2962,"date":"2024-06-19T13:34:12","date_gmt":"2024-06-19T17:34:12","guid":{"rendered":"https:\/\/ivrnet.com.br\/?page_id=2962"},"modified":"2024-06-19T14:42:55","modified_gmt":"2024-06-19T18:42:55","slug":"politica-de-privacidade-ivrtv","status":"publish","type":"page","link":"https:\/\/ivrnet.com.br\/?page_id=2962","title":{"rendered":"Pol\u00edtica de Privacidade IVRTV"},"content":{"rendered":"\t\t<div data-elementor-type=\"wp-page\" data-elementor-id=\"2962\" class=\"elementor elementor-2962\" data-elementor-settings=\"{&quot;ha_cmc_init_switcher&quot;:&quot;no&quot;}\" data-elementor-post-type=\"page\">\n\t\t\t\t\t\t<section class=\"elementor-section elementor-top-section elementor-element elementor-element-510bcfa elementor-section-boxed elementor-section-height-default elementor-section-height-default elementor-invisible\" data-id=\"510bcfa\" data-element_type=\"section\" data-e-type=\"section\" data-settings=\"{&quot;animation&quot;:&quot;fadeIn&quot;,&quot;_ha_eqh_enable&quot;:false}\">\n\t\t\t\t\t\t<div class=\"elementor-container elementor-column-gap-default\">\n\t\t\t\t\t<div class=\"elementor-column elementor-col-100 elementor-top-column elementor-element elementor-element-f046a94\" data-id=\"f046a94\" data-element_type=\"column\" data-e-type=\"column\">\n\t\t\t<div class=\"elementor-widget-wrap elementor-element-populated\">\n\t\t\t\t\t\t<div class=\"elementor-element elementor-element-f8a0030 elementor-widget__width-initial elementor-widget elementor-widget-text-editor\" data-id=\"f8a0030\" data-element_type=\"widget\" data-e-type=\"widget\" data-widget_type=\"text-editor.default\">\n\t\t\t\t<div class=\"elementor-widget-container\">\n\t\t\t\t\t\t\t\t\t<h1>Pol\u00edtica de Privacidade<\/h1><p>A presente Pol\u00edtica de Privacidade cont\u00e9m informa\u00e7\u00f5es sobre coleta, uso, armazenamento, tratamento e prote\u00e7\u00e3o dos dados pessoais dos usu\u00e1rios do aplicativo<b>\u00a0IVR TV<\/b>, com a finalidade de demonstrar absoluta transpar\u00eancia quanto ao assunto e esclarecer a todos interessados sobre os tipos de dados que s\u00e3o coletados, os motivos da coleta e a forma como os usu\u00e1rios podem gerenciar ou excluir as suas informa\u00e7\u00f5es pessoais.<\/p><p>O presente documento foi elaborado em conformidade com a Lei Geral de Prote\u00e7\u00e3o de Dados (Lei 13.709\/18), o Marco Civil da Internet (Lei 12.965\/14) (e o Regulamento da UE n. 2016\/6790). Ainda, o documento poder\u00e1 ser atualizado em decorr\u00eancia de eventual atualiza\u00e7\u00e3o normativa, raz\u00e3o pela qual se convida o usu\u00e1rio a consultar periodicamente esta se\u00e7\u00e3o.<\/p><h2>Coleta de dados<\/h2><p>Os dados pessoais do usu\u00e1rio s\u00e3o recolhidos pela plataforma da seguinte forma:<\/p><ul><li>Quando o usu\u00e1rio efetua login no aplicativo: e-mail e senha previamente cadastrados pelo usu\u00e1rio e informa\u00e7\u00f5es sobre o seu dispositivo, como marca, modelo e sistema operacional. Dessa forma podemos identificar voc\u00ea e disponibilizar os conte\u00fados com seguran\u00e7a e de acordo com a sua assinatura.<\/li><li>Toda vez que o usu\u00e1rio acessa o aplicativo: o seu endere\u00e7o IP e atividades de navega\u00e7\u00e3o entre os conte\u00fados disponibilizados. Esses dados s\u00e3o coletados para garantir a melhor experi\u00eancia do usu\u00e1rio com sugest\u00f5es e melhorias nos conte\u00fados.<\/li><li>Logs de erros do aplicativo: sempre que o aplicativo apresentar mau funcionamento, dados sobre o erro s\u00e3o enviados ao servidor para que possamos sempre aprimorar a qualidade do nosso servi\u00e7o.<\/li><\/ul><h2>Finalidade da coleta dos dados<\/h2><p>Os dados pessoais do usu\u00e1rio e do visitante coletados e armazenados pela plataforma tem por finalidade:<\/p><ul><li>O tratamento de dados pessoais para finalidades n\u00e3o previstas nesta Pol\u00edtica de Privacidade somente ocorrer\u00e1 mediante comunica\u00e7\u00e3o pr\u00e9via ao usu\u00e1rio, de modo que os direitos e obriga\u00e7\u00f5es aqui previstos permanecem aplic\u00e1veis.<\/li><li>Melhorias da plataforma: compreender como o usu\u00e1rio utiliza os servi\u00e7os da plataforma, para ajudar no desenvolvimento de neg\u00f3cios e t\u00e9cnicas.<\/li><li>Comercial: os dados s\u00e3o usados para personalizar o conte\u00fado oferecido e gerar subs\u00eddio \u00e0 plataforma para a melhora da qualidade no funcionamento dos servi\u00e7os.<\/li><li>Dados de cadastro: para permitir o acesso do usu\u00e1rio a determinados conte\u00fados da plataforma, exclusivo para usu\u00e1rios cadastrados.<\/li><li>Dados de contrato: conferir \u00e0s partes seguran\u00e7a jur\u00eddica e facilitar a conclus\u00e3o do neg\u00f3cio.<\/li><\/ul><p>O tratamento de dados pessoais para finalidades n\u00e3o previstas nesta Pol\u00edtica de Privacidade somente ocorrer\u00e1 mediante comunica\u00e7\u00e3o pr\u00e9via ao usu\u00e1rio, de modo que os direitos e obriga\u00e7\u00f5es aqui previstos permanecem aplic\u00e1veis.<\/p><h2>Tempo de armazenamento dos dados<\/h2><p>Os dados pessoais do usu\u00e1rio e visitante s\u00e3o armazenados pela plataforma durante o per\u00edodo necess\u00e1rio para a presta\u00e7\u00e3o do servi\u00e7o ou o cumprimento das finalidades previstas no presente documento, conforme o disposto no inciso I do artigo 15 da Lei 13.709\/18.<\/p><p>Os dados podem ser removidos ou anonimizados a pedido do usu\u00e1rio, excetuando os casos em que a lei oferecer outro tratamento.<\/p><p>Ainda, os dados pessoais dos usu\u00e1rios apenas podem ser conservados ap\u00f3s o t\u00e9rmino de seu tratamento nas seguintes hip\u00f3teses previstas no artigo 16 da referida lei:<\/p><p>I &#8211; Cumprimento de obriga\u00e7\u00e3o legal ou regulat\u00f3ria pelo controlador;<\/p><p>II &#8211; Estudo por \u00f3rg\u00e3o de pesquisa, garantida, sempre que poss\u00edvel, a anonimiza\u00e7\u00e3o dos dados pessoais;<\/p><p>III &#8211; Transfer\u00eancia a terceiro, desde que respeitados os requisitos de tratamento de dados dispostos nesta Lei;<\/p><p>IV &#8211; Uso exclusivo do controlador, vedado seu acesso por terceiro, e desde que anonimizados os dados.<\/p><h2>Seguran\u00e7a dos dados armazenados<\/h2><p>A plataforma se compromete a aplicar as medidas t\u00e9cnicas e organizativas aptas a proteger os dados pessoais de acessos n\u00e3o autorizados e de situa\u00e7\u00f5es de destrui\u00e7\u00e3o, perda, altera\u00e7\u00e3o, comunica\u00e7\u00e3o ou difus\u00e3o de tais dados.<\/p><p>Os dados coletados s\u00e3o criptografados usando a tecnologia\u00a0<i>Secure Socket Layer<\/i>\u00a0(SSL) que garante a transmiss\u00e3o de dados de forma segura e confidencial, de modo que a transmiss\u00e3o dos dados entre o servidor e o usu\u00e1rio ocorre de maneira cifrada e encriptada.<\/p><p>A plataforma se exime de responsabilidade por culpa exclusiva de terceiros, como em caso de ataque de hackers ou crackers, ou culpa exclusiva do usu\u00e1rio, como no caso em que ele mesmo transfere seus dados a terceiros. A empresa se compromete a comunicar o usu\u00e1rio em caso de alguma viola\u00e7\u00e3o de seguran\u00e7a dos seus dados pessoais.<\/p><p>Os dados pessoais armazenados s\u00e3o tratados com confidencialidade, dentro dos limites legais. No entanto, podemos divulgar suas informa\u00e7\u00f5es pessoais caso sejamos obrigados pela lei para faz\u00ea-lo ou se voc\u00ea violar nossos Termos de Servi\u00e7o.<\/p><h2>Consentimento<\/h2><p>Ao utilizar os servi\u00e7os e fornecer as informa\u00e7\u00f5es pessoais na plataforma, o usu\u00e1rio est\u00e1 consentindo com a presente Pol\u00edtica de Privacidade.<\/p><p>O usu\u00e1rio, ao cadastrar-se, manifesta conhecer e pode exercitar seus direitos de cancelar seu cadastro, acessar e atualizar seus dados pessoais e garante a veracidade das informa\u00e7\u00f5es por ele disponibilizadas.<\/p><p>O usu\u00e1rio tem direito de retirar o seu consentimento a qualquer tempo, para tanto deve entrar em contato atrav\u00e9s de nossa Central de Relacionamento.<\/p><h2>Altera\u00e7\u00f5es para essa Pol\u00edtica de Privacidade<\/h2><p>Reservamos o direito de modificar essa Pol\u00edtica de Privacidade a qualquer momento, ent\u00e3o, \u00e9 recomend\u00e1vel que o usu\u00e1rio e visitante revise-a com frequ\u00eancia.<\/p><p>As altera\u00e7\u00f5es e esclarecimentos v\u00e3o surtir efeito imediatamente ap\u00f3s sua publica\u00e7\u00e3o na plataforma. Quando realizadas altera\u00e7\u00f5es os usu\u00e1rios ser\u00e3o notificados. Ao utilizar o servi\u00e7o ou fornecer informa\u00e7\u00f5es pessoais ap\u00f3s eventuais modifica\u00e7\u00f5es, o usu\u00e1rio e visitante demonstra sua concord\u00e2ncia com as novas normas.<\/p><p>Diante da fus\u00e3o ou venda da plataforma \u00e0 outra empresa os dados dos usu\u00e1rios podem ser transferidos para os novos propriet\u00e1rios para que a perman\u00eancia dos servi\u00e7os oferecidos.<\/p><p>Esta pol\u00edtica \u00e9 efetiva a partir de agosto de 2023.<\/p><h2>Jurisdi\u00e7\u00e3o para resolu\u00e7\u00e3o de conflitos<\/h2><p>Para a solu\u00e7\u00e3o de controv\u00e9rsias decorrentes do presente instrumento ser\u00e1 aplicado integralmente o Direito brasileiro.<\/p><p>Os eventuais lit\u00edgios dever\u00e3o ser apresentados no foro da comarca em que se encontra a sede da empresa.<\/p>\t\t\t\t\t\t\t\t<\/div>\n\t\t\t\t<\/div>\n\t\t\t\t\t<\/div>\n\t\t<\/div>\n\t\t\t\t\t<\/div>\n\t\t<\/section>\n\t\t\t\t<\/div>\n\t\t","protected":false},"excerpt":{"rendered":"<p>Pol\u00edtica de Privacidade A presente Pol\u00edtica de Privacidade cont\u00e9m informa\u00e7\u00f5es sobre coleta, uso, armazenamento, tratamento e prote\u00e7\u00e3o dos dados pessoais dos usu\u00e1rios do aplicativo\u00a0IVR TV, com a finalidade de demonstrar absoluta transpar\u00eancia quanto ao assunto e esclarecer a todos interessados sobre os tipos de dados que s\u00e3o coletados, os motivos da coleta e a forma [&hellip;]<\/p>\n","protected":false},"author":3,"featured_media":0,"parent":0,"menu_order":0,"comment_status":"closed","ping_status":"closed","template":"","meta":{"site-sidebar-layout":"no-sidebar","site-content-layout":"page-builder","ast-site-content-layout":"default","site-content-style":"default","site-sidebar-style":"default","ast-global-header-display":"","ast-banner-title-visibility":"","ast-main-header-display":"","ast-hfb-above-header-display":"","ast-hfb-below-header-display":"","ast-hfb-mobile-header-display":"","site-post-title":"disabled","ast-breadcrumbs-content":"","ast-featured-img":"disabled","footer-sml-layout":"","theme-transparent-header-meta":"default","adv-header-id-meta":"","stick-header-meta":"","header-above-stick-meta":"","header-main-stick-meta":"","header-below-stick-meta":"","astra-migrate-meta-layouts":"default","ast-page-background-enabled":"default","ast-page-background-meta":{"desktop":{"background-color":"var(--ast-global-color-4)","background-image":"","background-repeat":"repeat","background-position":"center center","background-size":"auto","background-attachment":"scroll","background-type":"","background-media":"","overlay-type":"","overlay-color":"","overlay-opacity":"","overlay-gradient":""},"tablet":{"background-color":"","background-image":"","background-repeat":"repeat","background-position":"center center","background-size":"auto","background-attachment":"scroll","background-type":"","background-media":"","overlay-type":"","overlay-color":"","overlay-opacity":"","overlay-gradient":""},"mobile":{"background-color":"","background-image":"","background-repeat":"repeat","background-position":"center center","background-size":"auto","background-attachment":"scroll","background-type":"","background-media":"","overlay-type":"","overlay-color":"","overlay-opacity":"","overlay-gradient":""}},"ast-content-background-meta":{"desktop":{"background-color":"var(--ast-global-color-5)","background-image":"","background-repeat":"repeat","background-position":"center center","background-size":"auto","background-attachment":"scroll","background-type":"","background-media":"","overlay-type":"","overlay-color":"","overlay-opacity":"","overlay-gradient":""},"tablet":{"background-color":"var(--ast-global-color-5)","background-image":"","background-repeat":"repeat","background-position":"center center","background-size":"auto","background-attachment":"scroll","background-type":"","background-media":"","overlay-type":"","overlay-color":"","overlay-opacity":"","overlay-gradient":""},"mobile":{"background-color":"var(--ast-global-color-5)","background-image":"","background-repeat":"repeat","background-position":"center center","background-size":"auto","background-attachment":"scroll","background-type":"","background-media":"","overlay-type":"","overlay-color":"","overlay-opacity":"","overlay-gradient":""}},"footnotes":""},"class_list":["post-2962","page","type-page","status-publish","hentry"],"_links":{"self":[{"href":"https:\/\/ivrnet.com.br\/index.php?rest_route=\/wp\/v2\/pages\/2962","targetHints":{"allow":["GET"]}}],"collection":[{"href":"https:\/\/ivrnet.com.br\/index.php?rest_route=\/wp\/v2\/pages"}],"about":[{"href":"https:\/\/ivrnet.com.br\/index.php?rest_route=\/wp\/v2\/types\/page"}],"author":[{"embeddable":true,"href":"https:\/\/ivrnet.com.br\/index.php?rest_route=\/wp\/v2\/users\/3"}],"replies":[{"embeddable":true,"href":"https:\/\/ivrnet.com.br\/index.php?rest_route=%2Fwp%2Fv2%2Fcomments&post=2962"}],"version-history":[{"count":17,"href":"https:\/\/ivrnet.com.br\/index.php?rest_route=\/wp\/v2\/pages\/2962\/revisions"}],"predecessor-version":[{"id":3002,"href":"https:\/\/ivrnet.com.br\/index.php?rest_route=\/wp\/v2\/pages\/2962\/revisions\/3002"}],"wp:attachment":[{"href":"https:\/\/ivrnet.com.br\/index.php?rest_route=%2Fwp%2Fv2%2Fmedia&parent=2962"}],"curies":[{"name":"wp","href":"https:\/\/api.w.org\/{rel}","templated":true}]}}