{"id":2474,"date":"2023-09-28T11:11:36","date_gmt":"2023-09-28T15:11:36","guid":{"rendered":"https:\/\/ivrnet.com.br\/?page_id=2474"},"modified":"2024-09-24T08:21:02","modified_gmt":"2024-09-24T12:21:02","slug":"link-dedicado","status":"publish","type":"page","link":"https:\/\/ivrnet.com.br\/?page_id=2474","title":{"rendered":"Link dedicado"},"content":{"rendered":"\t\t<div data-elementor-type=\"wp-page\" data-elementor-id=\"2474\" class=\"elementor elementor-2474\" data-elementor-settings=\"{&quot;ha_cmc_init_switcher&quot;:&quot;no&quot;}\" data-elementor-post-type=\"page\">\n\t\t\t\t\t\t<section class=\"elementor-section elementor-top-section elementor-element elementor-element-63dacaa2 elementor-section-full_width elementor-section-stretched elementor-section-height-default elementor-section-height-default\" data-id=\"63dacaa2\" data-element_type=\"section\" data-e-type=\"section\" data-settings=\"{&quot;background_background&quot;:&quot;classic&quot;,&quot;stretch_section&quot;:&quot;section-stretched&quot;,&quot;_ha_eqh_enable&quot;:false}\">\n\t\t\t\t\t\t<div class=\"elementor-container elementor-column-gap-extended\">\n\t\t\t\t\t<div class=\"elementor-column elementor-col-50 elementor-top-column elementor-element elementor-element-3f34c91\" data-id=\"3f34c91\" data-element_type=\"column\" data-e-type=\"column\">\n\t\t\t<div class=\"elementor-widget-wrap elementor-element-populated\">\n\t\t\t\t\t\t<div class=\"elementor-element elementor-element-8a03fa7 elementor-widget elementor-widget-image\" data-id=\"8a03fa7\" data-element_type=\"widget\" data-e-type=\"widget\" data-widget_type=\"image.default\">\n\t\t\t\t<div class=\"elementor-widget-container\">\n\t\t\t\t\t\t\t\t\t\t\t\t\t\t\t<img fetchpriority=\"high\" decoding=\"async\" width=\"575\" height=\"707\" src=\"https:\/\/ivrnet.com.br\/wp-content\/uploads\/2023\/09\/conexao-para-empresa.png\" class=\"attachment-large size-large wp-image-2502\" alt=\"link dedicado\" srcset=\"https:\/\/ivrnet.com.br\/wp-content\/uploads\/2023\/09\/conexao-para-empresa.png 575w, https:\/\/ivrnet.com.br\/wp-content\/uploads\/2023\/09\/conexao-para-empresa-244x300.png 244w\" sizes=\"(max-width: 575px) 100vw, 575px\" \/>\t\t\t\t\t\t\t\t\t\t\t\t\t\t\t<\/div>\n\t\t\t\t<\/div>\n\t\t\t\t\t<\/div>\n\t\t<\/div>\n\t\t\t\t<div class=\"elementor-column elementor-col-50 elementor-top-column elementor-element elementor-element-6fa3832\" data-id=\"6fa3832\" data-element_type=\"column\" data-e-type=\"column\">\n\t\t\t<div class=\"elementor-widget-wrap elementor-element-populated\">\n\t\t\t\t\t\t<div class=\"elementor-element elementor-element-aae8a87 elementor-widget__width-initial elementor-widget-mobile__width-initial elementor-widget elementor-widget-heading\" data-id=\"aae8a87\" data-element_type=\"widget\" data-e-type=\"widget\" data-widget_type=\"heading.default\">\n\t\t\t\t<div class=\"elementor-widget-container\">\n\t\t\t\t\t<h2 class=\"elementor-heading-title elementor-size-default\"><h2 class=\"elementor-heading-title elementor-size-default elementor-inline-editing pen\" data-elementor-setting-key=\"title\" data-pen-placeholder=\"Digite aqui...\"><span style=\"color: #ffffff\">Link dedicado:<\/span> <br><span style=\"color: #ff7d00;font-size: 18pt\">Como essa tecnologia pode <\/span><span style=\"color: #ff7d00;font-size: 18pt\">ser essencial para sua empresa<\/span><\/h2><\/h2>\t\t\t\t<\/div>\n\t\t\t\t<\/div>\n\t\t\t\t<div class=\"elementor-element elementor-element-3d21b39 elementor-widget elementor-widget-spacer\" data-id=\"3d21b39\" data-element_type=\"widget\" data-e-type=\"widget\" data-widget_type=\"spacer.default\">\n\t\t\t\t<div class=\"elementor-widget-container\">\n\t\t\t\t\t\t\t<div class=\"elementor-spacer\">\n\t\t\t<div class=\"elementor-spacer-inner\"><\/div>\n\t\t<\/div>\n\t\t\t\t\t\t<\/div>\n\t\t\t\t<\/div>\n\t\t\t\t\t<\/div>\n\t\t<\/div>\n\t\t\t\t\t<\/div>\n\t\t<\/section>\n\t\t\t\t<section class=\"elementor-section elementor-top-section elementor-element elementor-element-ffb2879 elementor-section-boxed elementor-section-height-default elementor-section-height-default\" data-id=\"ffb2879\" data-element_type=\"section\" data-e-type=\"section\" data-settings=\"{&quot;_ha_eqh_enable&quot;:false}\">\n\t\t\t\t\t\t<div class=\"elementor-container elementor-column-gap-default\">\n\t\t\t\t\t<main class=\"elementor-column elementor-col-100 elementor-top-column elementor-element elementor-element-ead885d\" data-id=\"ead885d\" data-element_type=\"column\" data-e-type=\"column\">\n\t\t\t<div class=\"elementor-widget-wrap elementor-element-populated\">\n\t\t\t\t\t\t<div class=\"elementor-element elementor-element-0cd715d elementor-widget elementor-widget-spacer\" data-id=\"0cd715d\" data-element_type=\"widget\" data-e-type=\"widget\" data-widget_type=\"spacer.default\">\n\t\t\t\t<div class=\"elementor-widget-container\">\n\t\t\t\t\t\t\t<div class=\"elementor-spacer\">\n\t\t\t<div class=\"elementor-spacer-inner\"><\/div>\n\t\t<\/div>\n\t\t\t\t\t\t<\/div>\n\t\t\t\t<\/div>\n\t\t\t\t<div class=\"elementor-element elementor-element-4a48a8b elementor-widget__width-initial elementor-widget elementor-widget-heading\" data-id=\"4a48a8b\" data-element_type=\"widget\" data-e-type=\"widget\" data-widget_type=\"heading.default\">\n\t\t\t\t<div class=\"elementor-widget-container\">\n\t\t\t\t\t<h2 class=\"elementor-heading-title elementor-size-medium\">\n    <p>Se a competitividade e a rapidez s\u00e3o duas principais caracter\u00edsticas que destacam um perfil de uma empresa de sucesso, sem d\u00favidas uma <strong>internet de qualidade tem o seu papel para essa conquista.<\/strong><\/p><p>Solu\u00e7\u00f5es corporativas projetadas especialmente para garantir maior estabilidade e seguran\u00e7a na transmiss\u00e3o de dados fazem parte do <strong>portf\u00f3lio de servi\u00e7os da IVRNET.&nbsp;<\/strong><\/p><p><strong>Somos a sua conex\u00e3o exclusiva, dedicada e de ultravelocidade. <\/strong><span style=\"color: #ff7d00\" data-mce-style=\"color: #ff7d00;\"><a style=\"color: #ff7d00\" href=\"http:\/\/https:\/\/ivrnet.com.br\/?page_id=80\" target=\"_blank\" rel=\"noopener\" data-cke-saved-href=\"http:\/\/https:\/\/ivrnet.com.br\/?page_id=80\" data-mce-href=\"http:\/\/https:\/\/ivrnet.com.br\/?page_id=80\" data-mce-style=\"color: #ff7d00;\"><strong>Conhe\u00e7a nossos planos de Internet 100% fibra \u00f3ptica<\/strong><\/a><\/span> est\u00e1vel e confi\u00e1vel para a sua empresa.<\/p><p>De fato, <strong>o Link Dedicado \u00e9 uma grande revolu\u00e7\u00e3o na conectividade das grandes empresas. <\/strong>A sua conex\u00e3o veloz, segura e est\u00e1vel se tornou fundamental para neg\u00f3cios que precisam trabalhar com agilidade e precis\u00e3o para se destacar dos concorrentes.<\/p><p><img decoding=\"async\" role=\"img\" class=\"emoji\" alt=\"\ud83d\udc49\" src=\"https:\/\/s.w.org\/images\/core\/emoji\/14.0.0\/svg\/1f449.svg\"> Neste artigo voc\u00ea encontrar\u00e1 todas as vantagens de contratar um Link Dedicado da IVRNET para a sua empresa. Acompanhe a seguir:<\/p><ul><li><span style=\"color: #34495e\" data-mce-style=\"color: #34495e;\"><a style=\"color: #34495e\" href=\"#\" data-cke-saved-href=\"#\" data-mce-href=\"#\" data-mce-style=\"color: #34495e;\">O que \u00e9 um Link Dedicado?; <\/a><a style=\"color: #34495e\" href=\"#Oque_link_D\" data-cke-saved-href=\"#Oque_link_D\" data-mce-href=\"#Oque_link_D\" data-mce-style=\"color: #34495e;\">&nbsp;<\/a><\/span><\/li><li><span style=\"color: #34495e\" data-mce-style=\"color: #34495e;\"><a style=\"color: #34495e\" href=\"#custoXbene\" data-cke-saved-href=\"#custoXbene\" data-mce-href=\"#custoXbene\" data-mce-style=\"color: #34495e;\">Custo x Benef\u00edcio de Link Dedicado;&nbsp;<\/a><\/span><\/li><li><span style=\"color: #34495e\" data-mce-style=\"color: #34495e;\"><a style=\"color: #34495e\" href=\"#vantagens\" data-cke-saved-href=\"#vantagens\" data-mce-href=\"#vantagens\" data-mce-style=\"color: #34495e;\">Vantagens de contratar um Link Dedicado na sua empresa; &nbsp;<\/a><\/span><\/li><li><span style=\"color: #34495e\" data-mce-style=\"color: #34495e;\"><a style=\"color: #34495e\" href=\"#Quando\" data-mce-href=\"#Quando\" data-mce-style=\"color: #34495e;\">Quando optar por um Link Dedicado?&nbsp;<\/a><\/span><\/li><\/ul><br><p><strong style=\"font-size: 18pt;font-style: inherit;letter-spacing: 0.1px;background-color: var(--ast-global-color-5)\">O que \u00e9 um Link Dedicado?<\/strong><br><\/p><p>O Link Dedicado, tamb\u00e9m chamado de IP dedicado, trata-se de uma <strong>estrutura de conex\u00e3o de internet pr\u00f3pria.<\/strong> Ela garante melhor performance do sistema e do sinal, pois n\u00e3o existe compartilhamento de rede e, desta forma, n\u00e3o h\u00e1 congestionamento mesmo em hor\u00e1rios de picos quando muitos usu\u00e1rios est\u00e3o interconectados.<\/p><p>Sendo assim, a sua empresa pode contar sempre com a mesma velocidade, agilidade e disponibilidade ininterrupta por 24 horas por dia com uma velocidade de tr\u00e1fego bem maior do que outras op\u00e7\u00f5es do mercado.<\/p><p><strong>A IVRNET foi eleito&nbsp;um dos&nbsp;Melhores Provedores desta regi\u00e3o!<\/strong> Leve \u00e0 ultravelocidade da fibra \u00f3ptica IVRNET para dentro de sua empresa!<\/p><p><strong style=\"font-size: 18pt;font-style: inherit;letter-spacing: 0.1px;background-color: var(--ast-global-color-5)\">Custo x Benef\u00edcio de Link Dedicado<\/strong><br><\/p><p>O Link Dedicado j\u00e1 est\u00e1 h\u00e1 muitos anos no mercado, assim como a internet banda larga. Entretanto, os dois s\u00e3o servi\u00e7os praticamente destinados a p\u00fablicos diferentes (rede dom\u00e9stica e rede corporativa). Falaremos mais adiante quando a sua empresa deve optar por um Link Dedicado da IVRNET.<\/p><p>A banda larga oferece uma conex\u00e3o compartilhada, dividindo o link com outros clientes do provedor. Apesar de a conex\u00e3o ser \u00f3tima na IVRNET - j\u00e1 que utilizamos a tecnologia FTTH com velocidade sim\u00e9trica - n\u00e3o h\u00e1 garantia de que a entrega seja 100% garantida, podendo haver oscila\u00e7\u00f5es devido a essa distribui\u00e7\u00e3o.<\/p><p>J\u00e1 no Link Dedicado da IVRNET isso n\u00e3o ocorre porque s\u00e3o dois canais exclusivos de conex\u00e3o, <strong>como uma esp\u00e9cie de \u201ccaminho livre e privado\u201d para a transmiss\u00e3o de dados repleta de vantagens para empresas competitivas.<\/strong><\/p><p><strong><span style=\"color: #ff7d00\" data-mce-style=\"color: #ff7d00;\">Solu\u00e7\u00f5es Corporate:<\/span> Alta disponibilidade,<\/strong> performance e produtividade para empresas que n\u00e3o podem parar.<\/p><p>O fato \u00e9 que um Link Dedicado, devido \u00e0 complexidade da solu\u00e7\u00e3o, tende a ter um custo de implementa\u00e7\u00e3o mais elevado. Por isso, \u00e9 preciso avaliar bem as necessidades da sua empresa para adquirir o servi\u00e7o que melhor a atenda, analisando se os custos e impactos organizacionais por falhas e problemas na conex\u00e3o \u00e0 web n\u00e3o s\u00e3o maiores que o investimento a ser realizado.&nbsp;<\/p><p>A seguir, separamos 7 vantagens que um Link Dedicado oferece para empresas que necessitam de seguran\u00e7a e desempenho, veja se aplicam-se ao seu neg\u00f3cio:<\/p><p><strong style=\"font-size: 18pt;font-style: inherit;letter-spacing: 0.1px;background-color: var(--ast-global-color-5)\">Vantagens de contratar um Link Dedicado na sua empresa<\/strong><br><\/p><p>Basicamente, o Link Dedicado da IVRNET oferece \u00e0 rede do seu neg\u00f3cio um caminho direto com os nossos servidores com disponibilidade ininterrupta 24 horas por dia e sete dias por semana e o principal, livre de imprevistos, obst\u00e1culos ou desvios. \u00c9 a exclusividade e pot\u00eancia que a sua equipe precisa para navegar na web, enviar e receber arquivos com seguran\u00e7a e realizar chamadas de voz (VoIP) ou videoconfer\u00eancias sem interfer\u00eancias, aumentando a produtividade e performance da empresa.<\/p><p>Um Link Dedicado pode oferecer muitas vantagens para a sua empresa, confira algumas delas:<\/p><p><br><span style=\"color: #ff7d00;font-size: 18pt\" data-mce-style=\"color: #ff7d00; font-size: 18pt;\"><strong>1. Transmiss\u00e3o de Dados<\/strong><\/span><\/p><p>O Link Dedicado da IVRNET fornece altas taxas de transmiss\u00e3o de dados garantindo elevados \u00edndices de performance e disponibilidade atrav\u00e9s da tecnologia FTTH, que leva a internet 100% fibra \u00f3ptica para dentro de sua empresa!<\/p><p>Gra\u00e7as \u00e0 qualifica\u00e7\u00e3o da nossa equipe t\u00e9cnica e dos equipamentos de ponta que fornecem os melhores servi\u00e7os de conex\u00e3o, o Link Dedicado diminui consideravelmente as chances de panes, falhas e outros riscos que podem interferir no desempenho online do seu neg\u00f3cio.<\/p><p>Aproveite as conex\u00f5es redundantes \u00e0 Internet internacional e nacional, atrav\u00e9s de peering com pontos de troca de tr\u00e1fego (PTT) das maiores operadoras do mundo.<\/p><p><span style=\"color: #ff7d00;font-size: 18pt\" data-mce-style=\"color: #ff7d00; font-size: 18pt;\"><strong>2. Velocidade sim\u00e9trica<\/strong><\/span><\/p><p>Al\u00e9m disso, o Link Dedicado da IVRNET garante velocidade sim\u00e9trica na sua conex\u00e3o, ou seja, as taxas de download e upload possuem a mesma velocidade contratada! \u00c9 poss\u00edvel aproveitar o m\u00e1ximo da conex\u00e3o simultaneamente, sem que uma interfira na outra.<\/p><p>Aqui a sua empresa navega com uma experi\u00eancia \u00fanica na web atrav\u00e9s dos benef\u00edcios que s\u00f3 um plano com velocidade sim\u00e9trica pode entregar, reduzindo o tempo de execu\u00e7\u00e3o de tarefas empresariais e, consequentemente, aumentando a efici\u00eancia produtiva.<\/p><p><span style=\"color: #ff7d00;font-size: 18pt\" data-mce-style=\"color: #ff7d00; font-size: 18pt;\"><strong>3. IP P\u00fablico Designado<\/strong><\/span><\/p><p>N\u00e3o para por aqui viu? O Link Dedicado oferece a possibilidade de ter uma certa quantidade de IPs exclusivos para o seu neg\u00f3cio!&nbsp;<\/p><p>Esse \u00e9 um ponto fundamental para controle e seguran\u00e7a da sua empresa: o Link Dedicado da IVRNET trabalha com um IP fixo para seu neg\u00f3cio, ou seja, ele n\u00e3o ser\u00e1 alterado, mesmo que voc\u00ea reinicie o roteador, garantindo a seguran\u00e7a criptografada da conex\u00e3o.<\/p><p><br data-mce-bogus=\"1\"><\/p><p><!-- Bot\u00e3o com link --> <a class=\"green-button\" href=\"https:\/\/bit.ly\/Zap_site_ivr\" data-mce-href=\"https:\/\/bit.ly\/Zap_site_ivr\">QUERO UM OR\u00c7AMENTO DE LINK DEDICADO<\/a><\/p><p><br><span style=\"color: #ff7d00;font-size: 18pt\" data-mce-style=\"color: #ff7d00; font-size: 18pt;\"><strong>4. Maior estabilidade<\/strong><\/span><\/p><p>Como falamos ao longo deste artigo, a estabilidade \u00e9 uma das principais vantagens do Link Dedicado. Normalmente ele n\u00e3o sofre com per\u00edodos de indisponibilidades pelo fato de operar com caminhos exclusivos que falamos acima, possuindo menos interfer\u00eancias e oscila\u00e7\u00f5es que costumam ser rapidamente solucionadas.<\/p><p>Ou seja, mesmo em hor\u00e1rios de maior pico no acesso \u00e0 web (quando muitas pessoas utilizam a rede), a sua conex\u00e3o dedicada continuar\u00e1 robusta, n\u00e3o acarretando preju\u00edzos financeiros por minutos de queda de conex\u00e3o.<\/p><p><br><\/p><p><span style=\"color: #ff7d00;font-size: 18pt\" data-mce-style=\"color: #ff7d00; font-size: 18pt;\"><strong>5. Melhor performance<\/strong><\/span><\/p><p>Outro fator \u00e9 a melhoria da performance da conex\u00e3o! Como o link \u00e9 exclusivo para o seu neg\u00f3cio, n\u00e3o h\u00e1 uma diminui\u00e7\u00e3o no fluxo de dados devido \u00e0 sobrecarga no tr\u00e1fego. Sendo assim, \u00e9 poss\u00edvel ter um acesso com maior agilidade.<\/p><p>A performance tamb\u00e9m \u00e9 melhorada em rela\u00e7\u00e3o ao aumento de produtividade dos seus colaboradores. Imagine, por exemplo, que durante um dia, a internet oscile diversas vezes, impedindo que os funcion\u00e1rios mantenham consist\u00eancia em suas atividades\u2026 Com o Link Dedicado da IVRNET sua empresa tem maior estabilidade, gerando melhores resultados para a empresa a longo prazo.<\/p><p><br><\/p><p><span style=\"color: #ff7d00;font-size: 18pt\" data-mce-style=\"color: #ff7d00; font-size: 18pt;\"><strong>6. Melhor monitoramento no tr\u00e1fego de dados<\/strong><\/span><\/p><p>O monitoramento no tr\u00e1fego de dados \u00e9 vital em empresas cujo fluxo de dados de diferentes departamentos tem grande eleva\u00e7\u00e3o. Com um uso mais inteligente da conex\u00e3o de rede em seu neg\u00f3cio, \u00e9 poss\u00edvel monitorar quais as \u00e1reas mais consomem e demandam velocidade, podendo distribuir a banda setor a setor, limitando o tr\u00e1fego de informa\u00e7\u00f5es para determinadas opera\u00e7\u00f5es e processos, a fim de liberar para outros setores que tem maior demanda em seu neg\u00f3cio.<\/p><p>Al\u00e9m disso, o suporte t\u00e9cnico especializado da IVRNET monitora as conex\u00f5es dedicadas a todo o instante para garantir as vantagens que citamos acima. Sendo assim, se houver alguma causa de oscila\u00e7\u00e3o, prontamente nossa equipe identifica o problema e restaura a conex\u00e3o com agilidade, sem que sua empresa precise entrar em contato para ter a solu\u00e7\u00e3o resolvida.&nbsp;<\/p><p>A proatividade do suporte t\u00e9cnico da IVRNET \u00e9 uma das vantagens que sua empresa ter\u00e1 ao contratar nosso Link Dedicado!<\/p><p><br><\/p><p><span style=\"color: #ff7d00;font-size: 18pt\" data-mce-style=\"color: #ff7d00; font-size: 18pt;\"><strong>7. Atendimento \u00e1gil e personalizado<\/strong><\/span><\/p><p>Se cada minuto de indisponibilidade representa problemas para sua empresa, ent\u00e3o o Link Dedicado da IVRNET \u00e9 a melhor escolha para o seu neg\u00f3cio.<\/p><p>Por tratar-se de uma solu\u00e7\u00e3o especificamente corporativa, a IVRNET mant\u00e9m a Garantia do N\u00edvel de Servi\u00e7o (SLA, Service Level Agreement) com prazo de apenas 24 horas. Ou seja, a resolu\u00e7\u00e3o para restitui\u00e7\u00e3o do servi\u00e7o ou solicita\u00e7\u00e3o de alargamento de banda \u00e9 muito \u00e1gil em compara\u00e7\u00e3o aos demais servi\u00e7os. Al\u00e9m disso, o atendimento \u00e9 24 horas, sete dias por semana, inclusive em feriados.<\/p><p>Algo que faz total diferen\u00e7a \u00e9 o suporte t\u00e9cnico altamente especializado da IVRNET, que estar\u00e1 sempre \u00e0 disposi\u00e7\u00e3o da sua empresa para tirar poss\u00edveis d\u00favidas com clareza e did\u00e1tica.&nbsp;<\/p><p>Como mostramos, contratar o Link Dedicado da IVRNET garante benef\u00edcios como aumento da qualidade de navega\u00e7\u00e3o, produtividade dos funcion\u00e1rios e avan\u00e7o tecnol\u00f3gico \u00e0 sua empresa. Mas ser\u00e1 que ela precisa dele? \u00c9 o que veremos a seguir.<\/p><p><strong style=\"font-size: 18pt;font-style: inherit;letter-spacing: 0.1px;background-color: var(--ast-global-color-5)\">Quando optar por um Link Dedicado?<\/strong><br><\/p><p>Pode haver d\u00favida se o seu neg\u00f3cio realmente precisa de um Link Dedicado. Aqui vai o nosso veredicto:<br>Verifique se a sua empresa tem essas necessidades:<\/p><ul><li>depend\u00eancia muito forte de um sinal ativo, est\u00e1vel e \u00e1gil;<\/li><li>precisa de escalabilidade na rede para evitar que uma sobrecarga de acesso paralise o fluxo de conex\u00e3o;<\/li><li>possui grande quantidade de dispositivos que se conectam \u00e0 rede simultaneamente;<\/li><li>realiza demandas simult\u00e2neas que necessitam de alta velocidade (por exemplo: fornecimento de servi\u00e7os a terceiros, transmiss\u00f5es de v\u00eddeo e videoconfer\u00eancias, upload de arquivos pesados em nuvem, liga\u00e7\u00f5es por voz nas modalidades PABX, PBX (VoIP) tudo ao mesmo tempo);<\/li><li>conta com canais corporativos, como extranet e intranet;<\/li><li>precisa de maior seguran\u00e7a nas opera\u00e7\u00f5es online;<\/li><li>depende de sistemas gerenciais online (como sistemas ERP na nuvem);<\/li><li>hospeda seus sites e demais sistemas para Web nos servidores pr\u00f3prios;<\/li><li>entre outras situa\u00e7\u00f5es similares;<\/li><\/ul><p><br>Ent\u00e3o, o Link Dedicado da IVRNET \u00e9 a melhor op\u00e7\u00e3o! Com ele, a sua empresa tem muito mais velocidade, internet est\u00e1vel, servi\u00e7o exclusivo, instala\u00e7\u00e3o diferenciada e atendimento especial.&nbsp;<\/p><p><br><\/p><p><!-- Bot\u00e3o com link --> <a class=\"green-button\" href=\"https:\/\/bit.ly\/Zap_site_ivr\" data-mce-href=\"https:\/\/bit.ly\/Zap_site_ivr\">CONTRATAR AGORA MESMO  O LINK DEDICADO DA IVRNET<\/a><\/p><p><br><\/p><p>Pense no seguinte cen\u00e1rio: \u00e9 s\u00e1bado, sua empresa est\u00e1 no pico de atendimento e a conex\u00e3o fica indispon\u00edvel. Provavelmente voc\u00ea s\u00f3 ter\u00e1 retorno do seu provedor na segunda-feira em hor\u00e1rio comercial para reparar a conex\u00e3o.&nbsp;<\/p><p><br>Com o Link Dedicado isso n\u00e3o ocorre porque:&nbsp;<\/p><ul><li>a disponibilidade do sinal \u00e9 99,6% garantida com links de conting\u00eancia;&nbsp;<\/li><li>o suporte t\u00e9cnico \u00e9 24 horas todos os dias da semana;&nbsp;<\/li><li>o SLA \u00e9 de 24 horas, reparando prontamente a sua rede.<\/li><\/ul><p>&nbsp;<br>Como voc\u00ea viu, n\u00e3o faltam motivos para a sua empresa contratar um link dedicado! Se o seu neg\u00f3cio precisa manter-se sempre conectado com ultra velocidade e estabilidade, ent\u00e3o o link dedicado \u00e9 a melhor op\u00e7\u00e3o para ele.<\/p><p><br>Que tal entrar em contato com um dos nossos especialistas e aproveitar as vantagens que o Link Dedicado da IVRNET pode oferecer?<\/p><p><br><a href=\"http:\/\/https:\/\/ivrnet.com.br\" data-cke-saved-href=\"http:\/\/https:\/\/ivrnet.com.br\" data-mce-href=\"http:\/\/https:\/\/ivrnet.com.br\">Visite agora mesmo o nosso site<\/a> e fa\u00e7a uma cota\u00e7\u00e3o para o seu neg\u00f3cio! Se preferir, entre em contato atrav\u00e9s dos demais canais:<\/p><p><br><span style=\"color: #2dc26b\" data-mce-style=\"color: #2dc26b;\"><strong>WhatsApp<\/strong> &nbsp;<\/span><a href=\"https:\/\/bit.ly\/Zap_site_ivr\" data-cke-saved-href=\"https:\/\/bit.ly\/Zap_site_ivr\" data-mce-href=\"https:\/\/bit.ly\/Zap_site_ivr\">67 3272-6602<\/a><\/p><p><strong><span style=\"color: #ff7d00\" data-mce-style=\"color: #ff7d00;\">Liga\u00e7\u00e3o<\/span><\/strong> 67 3272-7350<\/p><p><span style=\"font-size: 14pt\" data-mce-style=\"font-size: 14pt;\"><strong>IVRNET<\/strong><\/span><strong style=\"font-size: 14pt;font-style: inherit;letter-spacing: 0.1px;background-color: var(--ast-global-color-5)\"> - Conex\u00e3o com qualidade para voc\u00ea.<\/strong><\/p><p><br><\/p><\/h2>\t\t\t\t<\/div>\n\t\t\t\t<\/div>\n\t\t\t\t<div class=\"elementor-element elementor-element-51b7b4d elementor-widget elementor-widget-spacer\" data-id=\"51b7b4d\" data-element_type=\"widget\" data-e-type=\"widget\" data-widget_type=\"spacer.default\">\n\t\t\t\t<div class=\"elementor-widget-container\">\n\t\t\t\t\t\t\t<div class=\"elementor-spacer\">\n\t\t\t<div class=\"elementor-spacer-inner\"><\/div>\n\t\t<\/div>\n\t\t\t\t\t\t<\/div>\n\t\t\t\t<\/div>\n\t\t\t\t\t<\/div>\n\t\t<\/main>\n\t\t\t\t\t<\/div>\n\t\t<\/section>\n\t\t\t\t<\/div>\n\t\t","protected":false},"excerpt":{"rendered":"<p>Link dedicado: Como essa tecnologia pode ser essencial para sua empresa Se a competitividade e a rapidez s\u00e3o duas principais caracter\u00edsticas que destacam um perfil de uma empresa de sucesso, sem d\u00favidas uma internet de qualidade tem o seu papel para essa conquista. Solu\u00e7\u00f5es corporativas projetadas especialmente para garantir maior estabilidade e seguran\u00e7a na transmiss\u00e3o [&hellip;]<\/p>\n","protected":false},"author":3,"featured_media":0,"parent":0,"menu_order":0,"comment_status":"closed","ping_status":"closed","template":"elementor_header_footer","meta":{"site-sidebar-layout":"default","site-content-layout":"default","ast-site-content-layout":"default","site-content-style":"default","site-sidebar-style":"default","ast-global-header-display":"","ast-banner-title-visibility":"","ast-main-header-display":"disabled","ast-hfb-above-header-display":"","ast-hfb-below-header-display":"","ast-hfb-mobile-header-display":"","site-post-title":"disabled","ast-breadcrumbs-content":"","ast-featured-img":"","footer-sml-layout":"","theme-transparent-header-meta":"default","adv-header-id-meta":"","stick-header-meta":"","header-above-stick-meta":"","header-main-stick-meta":"","header-below-stick-meta":"","astra-migrate-meta-layouts":"default","ast-page-background-enabled":"default","ast-page-background-meta":{"desktop":{"background-color":"var(--ast-global-color-4)","background-image":"","background-repeat":"repeat","background-position":"center center","background-size":"auto","background-attachment":"scroll","background-type":"","background-media":"","overlay-type":"","overlay-color":"","overlay-opacity":"","overlay-gradient":""},"tablet":{"background-color":"","background-image":"","background-repeat":"repeat","background-position":"center center","background-size":"auto","background-attachment":"scroll","background-type":"","background-media":"","overlay-type":"","overlay-color":"","overlay-opacity":"","overlay-gradient":""},"mobile":{"background-color":"","background-image":"","background-repeat":"repeat","background-position":"center center","background-size":"auto","background-attachment":"scroll","background-type":"","background-media":"","overlay-type":"","overlay-color":"","overlay-opacity":"","overlay-gradient":""}},"ast-content-background-meta":{"desktop":{"background-color":"var(--ast-global-color-5)","background-image":"","background-repeat":"repeat","background-position":"center center","background-size":"auto","background-attachment":"scroll","background-type":"","background-media":"","overlay-type":"","overlay-color":"","overlay-opacity":"","overlay-gradient":""},"tablet":{"background-color":"var(--ast-global-color-5)","background-image":"","background-repeat":"repeat","background-position":"center center","background-size":"auto","background-attachment":"scroll","background-type":"","background-media":"","overlay-type":"","overlay-color":"","overlay-opacity":"","overlay-gradient":""},"mobile":{"background-color":"var(--ast-global-color-5)","background-image":"","background-repeat":"repeat","background-position":"center center","background-size":"auto","background-attachment":"scroll","background-type":"","background-media":"","overlay-type":"","overlay-color":"","overlay-opacity":"","overlay-gradient":""}},"footnotes":""},"class_list":["post-2474","page","type-page","status-publish","hentry"],"_links":{"self":[{"href":"https:\/\/ivrnet.com.br\/index.php?rest_route=\/wp\/v2\/pages\/2474","targetHints":{"allow":["GET"]}}],"collection":[{"href":"https:\/\/ivrnet.com.br\/index.php?rest_route=\/wp\/v2\/pages"}],"about":[{"href":"https:\/\/ivrnet.com.br\/index.php?rest_route=\/wp\/v2\/types\/page"}],"author":[{"embeddable":true,"href":"https:\/\/ivrnet.com.br\/index.php?rest_route=\/wp\/v2\/users\/3"}],"replies":[{"embeddable":true,"href":"https:\/\/ivrnet.com.br\/index.php?rest_route=%2Fwp%2Fv2%2Fcomments&post=2474"}],"version-history":[{"count":43,"href":"https:\/\/ivrnet.com.br\/index.php?rest_route=\/wp\/v2\/pages\/2474\/revisions"}],"predecessor-version":[{"id":3338,"href":"https:\/\/ivrnet.com.br\/index.php?rest_route=\/wp\/v2\/pages\/2474\/revisions\/3338"}],"wp:attachment":[{"href":"https:\/\/ivrnet.com.br\/index.php?rest_route=%2Fwp%2Fv2%2Fmedia&parent=2474"}],"curies":[{"name":"wp","href":"https:\/\/api.w.org\/{rel}","templated":true}]}}